{"id":10,"date":"2020-06-19T17:23:06","date_gmt":"2020-06-19T15:23:06","guid":{"rendered":"http:\/\/www.lefieu.fr\/?page_id=10"},"modified":"2021-04-28T08:31:59","modified_gmt":"2021-04-28T06:31:59","slug":"bienvenue","status":"publish","type":"page","link":"https:\/\/www.lefieu.fr\/","title":{"rendered":"Bienvenue sur  la commune de LE FIEU"},"content":{"rendered":"\n<p>         <span class=\"has-inline-color has-black-color\">La petite commune de Le Fieu est situ\u00e9e en Gironde presque \u00e0 la limite des d\u00e9partements de la Charente, de la Charente maritime et de la Dordogne. A l&#8217;or\u00e9e de la for\u00eat de la Double, elle compte pr\u00e8s de 525 \u00e2mes, les f\u00e9odiens,&nbsp;r\u00e9parties sur plusieurs petits hameaux.&nbsp;<\/span><\/p>\n\n\n\n<p>&nbsp;<span class=\"has-inline-color has-black-color\"> &nbsp; &nbsp; &nbsp; &nbsp;L&#8217;\u00e9levage et la viticulture sont les principales activit\u00e9s des terres de cette campagne tr\u00e8s paisible o\u00f9 il fait bon vivre.&nbsp;<\/span><\/p>\n\n\n\n<p><span class=\"has-inline-color has-black-color\">\u00a0 \u00a0 \u00a0 \u00a0 \u00a0Ce\u00a0pr\u00e9sent site internet a pour objectif de vous pr\u00e9senter la<strong>\u00a0commune de LE FIEU<\/strong>. Vous y trouverez des informations pratiques ainsi que toute l&#8217;actualit\u00e9<\/span> de notre belle et paisible commune girondine.<\/p>\n\n\n\n<p><span class=\"has-inline-color has-black-color\">&nbsp; &nbsp; &nbsp; &nbsp; &nbsp;Nous vous souhaitons une bonne visite sur &#8220;Commune de LE FIEU&#8221; et nous esp\u00e9rons que vous y trouverez les attraits du &#8220;bien vivre&#8221;.<\/span><\/p>\n\n\n\n<p><em>&nbsp; <span class=\"has-inline-color has-black-color\">&nbsp; &nbsp; &nbsp; &nbsp;Par ailleurs, ce site est construit en priorit\u00e9 pour les habitants de Le Fieu qui peuvent, s&#8217;ils le souhaitent, y faire publier des informations. Ces derni\u00e8res devront \u00eatre pr\u00e9alablement envoy\u00e9es \u00e0 la mairie qui validera toutes les infos avant de les publier.<\/span><\/em><\/p>\n\n\n\n<h2 class=\"has-text-align-center wp-block-heading\">Quelques photos<\/h2>\n\n\n\r\n\t\t\t\t\t\t\t\t\t\t\t\t\t\t<div id=\"niso-carousel-201\" class=\"owl-carousel niso-carousel owl-theme niso-theme nav3\">\r\n\t\t\t\t\t\t<div class=\"item\"><a href=\"https:\/\/www.lefieu.fr\/wp-content\/uploads\/2020\/06\/image9-1024x600.png\" data-lightbox-gallery=\"gallery201\"><img loading=\"lazy\" decoding=\"async\" width=\"300\" height=\"176\" src=\"https:\/\/www.lefieu.fr\/wp-content\/uploads\/2020\/06\/image9-300x176.png\" class=\"attachment-medium size-medium\" alt=\"\" srcset=\"https:\/\/www.lefieu.fr\/wp-content\/uploads\/2020\/06\/image9-300x176.png 300w, https:\/\/www.lefieu.fr\/wp-content\/uploads\/2020\/06\/image9-1024x600.png 1024w, https:\/\/www.lefieu.fr\/wp-content\/uploads\/2020\/06\/image9-768x450.png 768w, https:\/\/www.lefieu.fr\/wp-content\/uploads\/2020\/06\/image9-1536x900.png 1536w, https:\/\/www.lefieu.fr\/wp-content\/uploads\/2020\/06\/image9-1200x703.png 1200w, https:\/\/www.lefieu.fr\/wp-content\/uploads\/2020\/06\/image9.png 1693w\" sizes=\"auto, (max-width: 300px) 100vw, 300px\" \/><\/a><\/div><div class=\"item\"><a href=\"https:\/\/www.lefieu.fr\/wp-content\/uploads\/2020\/06\/image7-1024x508.png\" data-lightbox-gallery=\"gallery201\"><img loading=\"lazy\" decoding=\"async\" width=\"300\" height=\"149\" src=\"https:\/\/www.lefieu.fr\/wp-content\/uploads\/2020\/06\/image7-300x149.png\" class=\"attachment-medium size-medium\" alt=\"\" srcset=\"https:\/\/www.lefieu.fr\/wp-content\/uploads\/2020\/06\/image7-300x149.png 300w, https:\/\/www.lefieu.fr\/wp-content\/uploads\/2020\/06\/image7-1024x508.png 1024w, https:\/\/www.lefieu.fr\/wp-content\/uploads\/2020\/06\/image7-768x381.png 768w, https:\/\/www.lefieu.fr\/wp-content\/uploads\/2020\/06\/image7-1536x762.png 1536w, https:\/\/www.lefieu.fr\/wp-content\/uploads\/2020\/06\/image7-1200x595.png 1200w, https:\/\/www.lefieu.fr\/wp-content\/uploads\/2020\/06\/image7.png 1570w\" sizes=\"auto, (max-width: 300px) 100vw, 300px\" \/><\/a><\/div><div class=\"item\"><a href=\"https:\/\/www.lefieu.fr\/wp-content\/uploads\/2020\/06\/image6.jpg\" data-lightbox-gallery=\"gallery201\"><img loading=\"lazy\" decoding=\"async\" width=\"300\" height=\"225\" src=\"https:\/\/www.lefieu.fr\/wp-content\/uploads\/2020\/06\/image6-300x225.jpg\" class=\"attachment-medium size-medium\" alt=\"\" srcset=\"https:\/\/www.lefieu.fr\/wp-content\/uploads\/2020\/06\/image6-300x225.jpg 300w, https:\/\/www.lefieu.fr\/wp-content\/uploads\/2020\/06\/image6.jpg 640w\" sizes=\"auto, (max-width: 300px) 100vw, 300px\" \/><\/a><\/div><div class=\"item\"><a href=\"https:\/\/www.lefieu.fr\/wp-content\/uploads\/2020\/06\/image1-1024x594.png\" data-lightbox-gallery=\"gallery201\"><img loading=\"lazy\" decoding=\"async\" width=\"300\" height=\"174\" src=\"https:\/\/www.lefieu.fr\/wp-content\/uploads\/2020\/06\/image1-300x174.png\" class=\"attachment-medium size-medium\" alt=\"\" srcset=\"https:\/\/www.lefieu.fr\/wp-content\/uploads\/2020\/06\/image1-300x174.png 300w, https:\/\/www.lefieu.fr\/wp-content\/uploads\/2020\/06\/image1-1024x594.png 1024w, https:\/\/www.lefieu.fr\/wp-content\/uploads\/2020\/06\/image1-768x445.png 768w, https:\/\/www.lefieu.fr\/wp-content\/uploads\/2020\/06\/image1-1536x891.png 1536w, https:\/\/www.lefieu.fr\/wp-content\/uploads\/2020\/06\/image1-1200x696.png 1200w, https:\/\/www.lefieu.fr\/wp-content\/uploads\/2020\/06\/image1.png 1571w\" sizes=\"auto, (max-width: 300px) 100vw, 300px\" \/><\/a><\/div><div class=\"item\"><a href=\"https:\/\/www.lefieu.fr\/wp-content\/uploads\/2020\/06\/image3.jpg\" data-lightbox-gallery=\"gallery201\"><img loading=\"lazy\" decoding=\"async\" width=\"300\" height=\"225\" src=\"https:\/\/www.lefieu.fr\/wp-content\/uploads\/2020\/06\/image3-300x225.jpg\" class=\"attachment-medium size-medium\" alt=\"\" srcset=\"https:\/\/www.lefieu.fr\/wp-content\/uploads\/2020\/06\/image3-300x225.jpg 300w, https:\/\/www.lefieu.fr\/wp-content\/uploads\/2020\/06\/image3.jpg 640w\" sizes=\"auto, (max-width: 300px) 100vw, 300px\" \/><\/a><\/div><div class=\"item\"><a href=\"https:\/\/www.lefieu.fr\/wp-content\/uploads\/2020\/06\/image8-1024x665.png\" data-lightbox-gallery=\"gallery201\"><img loading=\"lazy\" decoding=\"async\" width=\"300\" height=\"195\" src=\"https:\/\/www.lefieu.fr\/wp-content\/uploads\/2020\/06\/image8-300x195.png\" class=\"attachment-medium size-medium\" alt=\"\" srcset=\"https:\/\/www.lefieu.fr\/wp-content\/uploads\/2020\/06\/image8-300x195.png 300w, https:\/\/www.lefieu.fr\/wp-content\/uploads\/2020\/06\/image8-1024x665.png 1024w, https:\/\/www.lefieu.fr\/wp-content\/uploads\/2020\/06\/image8-768x498.png 768w, https:\/\/www.lefieu.fr\/wp-content\/uploads\/2020\/06\/image8-1200x779.png 1200w, https:\/\/www.lefieu.fr\/wp-content\/uploads\/2020\/06\/image8.png 1365w\" sizes=\"auto, (max-width: 300px) 100vw, 300px\" \/><\/a><\/div><div class=\"item\"><a href=\"https:\/\/www.lefieu.fr\/wp-content\/uploads\/2020\/06\/image4.jpg\" data-lightbox-gallery=\"gallery201\"><img loading=\"lazy\" decoding=\"async\" width=\"300\" height=\"225\" src=\"https:\/\/www.lefieu.fr\/wp-content\/uploads\/2020\/06\/image4-300x225.jpg\" class=\"attachment-medium size-medium\" alt=\"\" srcset=\"https:\/\/www.lefieu.fr\/wp-content\/uploads\/2020\/06\/image4-300x225.jpg 300w, https:\/\/www.lefieu.fr\/wp-content\/uploads\/2020\/06\/image4.jpg 640w\" sizes=\"auto, (max-width: 300px) 100vw, 300px\" \/><\/a><\/div><div class=\"item\"><a href=\"https:\/\/www.lefieu.fr\/wp-content\/uploads\/2020\/06\/image-1024x576.jpg\" data-lightbox-gallery=\"gallery201\"><img loading=\"lazy\" decoding=\"async\" width=\"300\" height=\"169\" src=\"https:\/\/www.lefieu.fr\/wp-content\/uploads\/2020\/06\/image-300x169.jpg\" class=\"attachment-medium size-medium\" alt=\"\" srcset=\"https:\/\/www.lefieu.fr\/wp-content\/uploads\/2020\/06\/image-300x169.jpg 300w, https:\/\/www.lefieu.fr\/wp-content\/uploads\/2020\/06\/image-1024x576.jpg 1024w, https:\/\/www.lefieu.fr\/wp-content\/uploads\/2020\/06\/image-768x432.jpg 768w, https:\/\/www.lefieu.fr\/wp-content\/uploads\/2020\/06\/image-1536x864.jpg 1536w, https:\/\/www.lefieu.fr\/wp-content\/uploads\/2020\/06\/image-1200x675.jpg 1200w, https:\/\/www.lefieu.fr\/wp-content\/uploads\/2020\/06\/image.jpg 1920w\" sizes=\"auto, (max-width: 300px) 100vw, 300px\" \/><\/a><\/div>\t\t\t\t\t<\/div>\r\n\t\t\t\t\t\t\t\t\t\t\t\t\t\t\t\t\r\n\r\n\t\t\t\t\t\t\t\t\r\n\n","protected":false},"excerpt":{"rendered":"<p>La petite commune de Le Fieu est situ\u00e9e en Gironde presque \u00e0 la limite des d\u00e9partements de la Charente, de la Charente maritime et de la Dordogne. A l&#8217;or\u00e9e de la for\u00eat de la Double, elle compte pr\u00e8s de 525 \u00e2mes, les f\u00e9odiens,&nbsp;r\u00e9parties sur plusieurs petits hameaux.&nbsp; &nbsp; &nbsp; &nbsp; [&hellip;]<\/p>\n","protected":false},"author":1,"featured_media":0,"parent":0,"menu_order":0,"comment_status":"closed","ping_status":"closed","template":"","meta":{"_s2mail":"yes","_themeisle_gutenberg_block_has_review":false,"footnotes":""},"class_list":["post-10","page","type-page","status-publish","hentry"],"_links":{"self":[{"href":"https:\/\/www.lefieu.fr\/index.php\/wp-json\/wp\/v2\/pages\/10","targetHints":{"allow":["GET"]}}],"collection":[{"href":"https:\/\/www.lefieu.fr\/index.php\/wp-json\/wp\/v2\/pages"}],"about":[{"href":"https:\/\/www.lefieu.fr\/index.php\/wp-json\/wp\/v2\/types\/page"}],"author":[{"embeddable":true,"href":"https:\/\/www.lefieu.fr\/index.php\/wp-json\/wp\/v2\/users\/1"}],"replies":[{"embeddable":true,"href":"https:\/\/www.lefieu.fr\/index.php\/wp-json\/wp\/v2\/comments?post=10"}],"version-history":[{"count":17,"href":"https:\/\/www.lefieu.fr\/index.php\/wp-json\/wp\/v2\/pages\/10\/revisions"}],"predecessor-version":[{"id":1522,"href":"https:\/\/www.lefieu.fr\/index.php\/wp-json\/wp\/v2\/pages\/10\/revisions\/1522"}],"wp:attachment":[{"href":"https:\/\/www.lefieu.fr\/index.php\/wp-json\/wp\/v2\/media?parent=10"}],"curies":[{"name":"wp","href":"https:\/\/api.w.org\/{rel}","templated":true}]}}