{"id":369,"date":"2020-07-01T07:24:14","date_gmt":"2020-07-01T05:24:14","guid":{"rendered":"http:\/\/www.lefieu.fr\/?page_id=369"},"modified":"2020-07-08T18:44:30","modified_gmt":"2020-07-08T16:44:30","slug":"anciens-combattants","status":"publish","type":"page","link":"https:\/\/www.lefieu.fr\/index.php\/anciens-combattants\/","title":{"rendered":"Anciens Combattants"},"content":{"rendered":"\n<figure class=\"wp-block-image size-large\"><img decoding=\"async\" src=\"http:\/\/www.lefieu.fr\/wp-content\/uploads\/2020\/07\/2-1024x441.jpg\" alt=\"\" class=\"wp-image-447\"\/><\/figure>\n\n\n\n<p> L&#8217;Amicale des anciens combattants a \u00e9t\u00e9 cr\u00e9\u00e9 en 2010, d\u00e9clar\u00e9e en sous-pr\u00e9fecture le 25 mai 2010. <\/p>\n\n\n\n<p>Cette amicale est compos\u00e9e de tous les anciens combattants de la commune.  Le nombre de membres diminuant r\u00e9guli\u00e8rement, l&#8217;association \u00e9tudie un regroupement avec les amicales de Porch\u00e8res, de St Christophe de Double et de St Antoine sur l&#8217;Isle.<\/p>\n\n\n\n<p>Pour l&#8217;instant, c&#8217;est l&#8217;Amicale des anciens combattants de Le Fieu qui organise, avec la mairie, les c\u00e9r\u00e9monies officielles qui se d\u00e9roulent au monument aux morts. C&#8217;est \u00e0 l&#8217;occasion de ces c\u00e9r\u00e9monies que les F\u00e9odiens peuvent se recueillir aux c\u00f4t\u00e9s des drapeaux pour rendre hommage \u00e0 ceux qui ont pay\u00e9 de leur vie notre Libert\u00e9.<\/p>\n\n\n\n<p><span style=\"text-decoration: underline;\">Contact :<\/span> Mme <strong>Joceline POINTET<\/strong> <em>(ou renseignement en mairie)<\/em><\/p>\n\n\n\n<div class=\"wp-block-themeisle-blocks-advanced-columns has-1-columns has-desktop-equal-layout has-tablet-equal-layout has-mobile-equal-layout has-default-gap has-vertical-unset\" id=\"wp-block-themeisle-blocks-advanced-columns-4151905f\"><div class=\"wp-block-themeisle-blocks-advanced-columns-overlay\"><\/div><div class=\"innerblocks-wrap\">\n<div class=\"wp-block-themeisle-blocks-advanced-column\" id=\"wp-block-themeisle-blocks-advanced-column-35c51c03\"><\/div>\n<\/div><\/div>\n\n\n\n<p><\/p>\n","protected":false},"excerpt":{"rendered":"<p>L&#8217;Amicale des anciens combattants a \u00e9t\u00e9 cr\u00e9\u00e9 en 2010, d\u00e9clar\u00e9e en sous-pr\u00e9fecture le 25 mai 2010. Cette amicale est compos\u00e9e de tous les anciens combattants de la commune. Le nombre de membres diminuant r\u00e9guli\u00e8rement, l&#8217;association \u00e9tudie un regroupement avec les amicales de Porch\u00e8res, de St Christophe de Double et de [&hellip;]<\/p>\n","protected":false},"author":1,"featured_media":0,"parent":0,"menu_order":0,"comment_status":"closed","ping_status":"closed","template":"","meta":{"_s2mail":"","_themeisle_gutenberg_block_has_review":false,"footnotes":""},"class_list":["post-369","page","type-page","status-publish","hentry"],"_links":{"self":[{"href":"https:\/\/www.lefieu.fr\/index.php\/wp-json\/wp\/v2\/pages\/369","targetHints":{"allow":["GET"]}}],"collection":[{"href":"https:\/\/www.lefieu.fr\/index.php\/wp-json\/wp\/v2\/pages"}],"about":[{"href":"https:\/\/www.lefieu.fr\/index.php\/wp-json\/wp\/v2\/types\/page"}],"author":[{"embeddable":true,"href":"https:\/\/www.lefieu.fr\/index.php\/wp-json\/wp\/v2\/users\/1"}],"replies":[{"embeddable":true,"href":"https:\/\/www.lefieu.fr\/index.php\/wp-json\/wp\/v2\/comments?post=369"}],"version-history":[{"count":5,"href":"https:\/\/www.lefieu.fr\/index.php\/wp-json\/wp\/v2\/pages\/369\/revisions"}],"predecessor-version":[{"id":572,"href":"https:\/\/www.lefieu.fr\/index.php\/wp-json\/wp\/v2\/pages\/369\/revisions\/572"}],"wp:attachment":[{"href":"https:\/\/www.lefieu.fr\/index.php\/wp-json\/wp\/v2\/media?parent=369"}],"curies":[{"name":"wp","href":"https:\/\/api.w.org\/{rel}","templated":true}]}}