{"id":374,"date":"2020-07-01T07:26:43","date_gmt":"2020-07-01T05:26:43","guid":{"rendered":"http:\/\/www.lefieu.fr\/?page_id=374"},"modified":"2020-07-02T07:20:35","modified_gmt":"2020-07-02T05:20:35","slug":"comite-festivites","status":"publish","type":"page","link":"https:\/\/www.lefieu.fr\/index.php\/comite-festivites\/","title":{"rendered":"Comit\u00e9 &#8220;Festivit\u00e9s Le Fieu&#8221;"},"content":{"rendered":"\n<div class=\"wp-block-image is-style-rounded\"><figure class=\"aligncenter size-large is-resized\"><img loading=\"lazy\" decoding=\"async\" src=\"http:\/\/www.lefieu.fr\/wp-content\/uploads\/2020\/07\/2020-07-01_18h19_05.png\" alt=\"\" class=\"wp-image-457\" width=\"557\" height=\"257\"\/><\/figure><\/div>\n\n\n\n<p>Le Comit\u00e9 &#8220;<strong>Festivit\u00e9s Le Fieu<\/strong>&#8221; est cr\u00e9\u00e9 sur la commune depuis 2016. <\/p>\n\n\n\n<p>L&#8217;association organise des <strong>concours de belote <\/strong>les vendredis en soir\u00e9e et des <strong>repas \u00e0 th\u00e8me <\/strong>un samedi soir par mois.<\/p>\n\n\n\n<p>La <strong>f\u00eate locale<\/strong> organis\u00e9e \u00e9galement par &#8220;Festivit\u00e9s Le Fieu&#8221; <strong>s&#8217;\u00e9chelonne sur trois jours<\/strong> et comprend: Un <strong>march\u00e9 nocturne<\/strong>, un <strong>vide-grenier<\/strong>, un <strong>feu artifice.<\/strong><\/p>\n\n\n\n<p> En <strong>f\u00e9vrier, un repas\u00a0 &#8220;<em>cochonnailles<\/em> &#8220;<\/strong> est \u00e9galement organis\u00e9 un dimanche \u00e0 midi.<\/p>\n\n\n\n<p><em>Coordonn\u00e9es : <\/em><\/p>\n\n\n\n<p><em>Pr\u00e9sident :<\/em> <strong>Bernard LOBIT<\/strong><\/p>\n\n\n\n<p><em>Si\u00e8ge social :<\/em>&nbsp; <strong>2 lieu-dit les fontaines 33230 LE FIEU<\/strong><\/p>\n\n\n\n<p>T\u00e9l :  0557698930 \/  0687923774 \/  0686983473<\/p>\n\n\n\n<p><em>Mail :<\/em>   <span style=\"color:#190df6\" class=\"has-inline-color\">comite.festiviteslefieu@yahoo.com<\/span><\/p>\n\n\n\n<p><em>Facebook :<\/em>  <strong>comit\u00e9 festivit\u00e9s le fieu<\/strong><\/p>\n\n\n\n<div class=\"wp-block-themeisle-blocks-advanced-columns has-3-columns has-desktop-equal-layout has-tablet-equal-layout has-mobile-collapsedRows-layout has-default-gap has-vertical-unset\" id=\"wp-block-themeisle-blocks-advanced-columns-c630d0b2\"><div class=\"wp-block-themeisle-blocks-advanced-columns-overlay\"><\/div><div class=\"innerblocks-wrap\">\n<div class=\"wp-block-themeisle-blocks-advanced-column\" id=\"wp-block-themeisle-blocks-advanced-column-b66c5546\">\n<figure class=\"wp-block-image size-large is-resized\"><img loading=\"lazy\" decoding=\"async\" src=\"https:\/\/www.lefieu.fr\/wp-content\/uploads\/2020\/07\/2020-07-02_07h01_59.png\" alt=\"\" class=\"wp-image-475\" width=\"174\" height=\"115\"\/><\/figure>\n<\/div>\n\n\n\n<div class=\"wp-block-themeisle-blocks-advanced-column\" id=\"wp-block-themeisle-blocks-advanced-column-ea86c082\">\n<figure class=\"wp-block-image size-large is-resized\"><img loading=\"lazy\" decoding=\"async\" src=\"https:\/\/www.lefieu.fr\/wp-content\/uploads\/2020\/07\/2020-07-02_06h57_48.png\" alt=\"\" class=\"wp-image-476\" width=\"202\" height=\"114\"\/><\/figure>\n<\/div>\n\n\n\n<div class=\"wp-block-themeisle-blocks-advanced-column\" id=\"wp-block-themeisle-blocks-advanced-column-157f4083\">\n<figure class=\"wp-block-image size-large is-resized\"><img loading=\"lazy\" decoding=\"async\" src=\"https:\/\/www.lefieu.fr\/wp-content\/uploads\/2020\/07\/2020-07-02_07h05_20-1.png\" alt=\"\" class=\"wp-image-477\" width=\"194\" height=\"114\"\/><\/figure>\n<\/div>\n<\/div><\/div>\n\n\n\n<div class=\"wp-block-image\"><figure class=\"aligncenter size-large is-resized\"><img loading=\"lazy\" decoding=\"async\" src=\"https:\/\/www.lefieu.fr\/wp-content\/uploads\/2020\/07\/2020-07-02_07h18_16.png\" alt=\"\" class=\"wp-image-483\" width=\"435\" height=\"154\"\/><\/figure><\/div>\n","protected":false},"excerpt":{"rendered":"<p>Le Comit\u00e9 &#8220;Festivit\u00e9s Le Fieu&#8221; est cr\u00e9\u00e9 sur la commune depuis 2016. L&#8217;association organise des concours de belote les vendredis en soir\u00e9e et des repas \u00e0 th\u00e8me un samedi soir par mois. La f\u00eate locale organis\u00e9e \u00e9galement par &#8220;Festivit\u00e9s Le Fieu&#8221; s&#8217;\u00e9chelonne sur trois jours et comprend: Un march\u00e9 nocturne, [&hellip;]<\/p>\n","protected":false},"author":1,"featured_media":0,"parent":0,"menu_order":0,"comment_status":"closed","ping_status":"closed","template":"","meta":{"_s2mail":"","_themeisle_gutenberg_block_has_review":false,"footnotes":""},"class_list":["post-374","page","type-page","status-publish","hentry"],"_links":{"self":[{"href":"https:\/\/www.lefieu.fr\/index.php\/wp-json\/wp\/v2\/pages\/374","targetHints":{"allow":["GET"]}}],"collection":[{"href":"https:\/\/www.lefieu.fr\/index.php\/wp-json\/wp\/v2\/pages"}],"about":[{"href":"https:\/\/www.lefieu.fr\/index.php\/wp-json\/wp\/v2\/types\/page"}],"author":[{"embeddable":true,"href":"https:\/\/www.lefieu.fr\/index.php\/wp-json\/wp\/v2\/users\/1"}],"replies":[{"embeddable":true,"href":"https:\/\/www.lefieu.fr\/index.php\/wp-json\/wp\/v2\/comments?post=374"}],"version-history":[{"count":8,"href":"https:\/\/www.lefieu.fr\/index.php\/wp-json\/wp\/v2\/pages\/374\/revisions"}],"predecessor-version":[{"id":486,"href":"https:\/\/www.lefieu.fr\/index.php\/wp-json\/wp\/v2\/pages\/374\/revisions\/486"}],"wp:attachment":[{"href":"https:\/\/www.lefieu.fr\/index.php\/wp-json\/wp\/v2\/media?parent=374"}],"curies":[{"name":"wp","href":"https:\/\/api.w.org\/{rel}","templated":true}]}}