{"id":379,"date":"2020-07-01T07:29:35","date_gmt":"2020-07-01T05:29:35","guid":{"rendered":"http:\/\/www.lefieu.fr\/?page_id=379"},"modified":"2022-03-08T09:52:01","modified_gmt":"2022-03-08T08:52:01","slug":"ecuries-du-petit-barreau","status":"publish","type":"page","link":"https:\/\/www.lefieu.fr\/index.php\/ecuries-du-petit-barreau\/","title":{"rendered":"\u00c9curies du Petit Barreau"},"content":{"rendered":"\n<p>En cours de r\u00e9daction&#8230;<\/p>\n\n\n\n<figure class=\"wp-block-image size-large\"><img loading=\"lazy\" decoding=\"async\" width=\"1024\" height=\"665\" src=\"http:\/\/www.lefieu.fr\/wp-content\/uploads\/2020\/11\/2020-09-14_16h25_17-1024x665.png\" alt=\"\" class=\"wp-image-1077\" srcset=\"https:\/\/www.lefieu.fr\/wp-content\/uploads\/2020\/11\/2020-09-14_16h25_17-1024x665.png 1024w, https:\/\/www.lefieu.fr\/wp-content\/uploads\/2020\/11\/2020-09-14_16h25_17-300x195.png 300w, https:\/\/www.lefieu.fr\/wp-content\/uploads\/2020\/11\/2020-09-14_16h25_17-768x499.png 768w, https:\/\/www.lefieu.fr\/wp-content\/uploads\/2020\/11\/2020-09-14_16h25_17.png 1496w\" sizes=\"auto, (max-width: 1024px) 100vw, 1024px\" \/><figcaption>Les Ecuries du Petit Barreau sont situ\u00e9es aux portes de l&#8217;immense for\u00eat de la Double<\/figcaption><\/figure>\n\n\n\n<figure class=\"wp-block-image size-large\"><img loading=\"lazy\" decoding=\"async\" width=\"1024\" height=\"678\" src=\"http:\/\/www.lefieu.fr\/wp-content\/uploads\/2020\/11\/2020-11-08_09h11_23-1024x678.png\" alt=\"\" class=\"wp-image-1076\" srcset=\"https:\/\/www.lefieu.fr\/wp-content\/uploads\/2020\/11\/2020-11-08_09h11_23-1024x678.png 1024w, https:\/\/www.lefieu.fr\/wp-content\/uploads\/2020\/11\/2020-11-08_09h11_23-300x199.png 300w, https:\/\/www.lefieu.fr\/wp-content\/uploads\/2020\/11\/2020-11-08_09h11_23-768x508.png 768w, https:\/\/www.lefieu.fr\/wp-content\/uploads\/2020\/11\/2020-11-08_09h11_23.png 1482w\" sizes=\"auto, (max-width: 1024px) 100vw, 1024px\" \/><figcaption>Une carri\u00e8re ombrag\u00e9e<\/figcaption><\/figure>\n\n\n\n<figure class=\"wp-block-image size-large is-resized\"><img loading=\"lazy\" decoding=\"async\" src=\"http:\/\/www.lefieu.fr\/wp-content\/uploads\/2020\/07\/2020-07-01_18h08_14-1024x301.png\" alt=\"\" class=\"wp-image-453\" width=\"580\" height=\"170\"\/><\/figure>\n\n\n\n<figure class=\"wp-block-image size-large\"><img loading=\"lazy\" decoding=\"async\" width=\"1025\" height=\"770\" src=\"http:\/\/www.lefieu.fr\/wp-content\/uploads\/2020\/11\/2020-11-08_09h08_04.png\" alt=\"\" class=\"wp-image-1078\" srcset=\"https:\/\/www.lefieu.fr\/wp-content\/uploads\/2020\/11\/2020-11-08_09h08_04.png 1025w, https:\/\/www.lefieu.fr\/wp-content\/uploads\/2020\/11\/2020-11-08_09h08_04-300x225.png 300w, https:\/\/www.lefieu.fr\/wp-content\/uploads\/2020\/11\/2020-11-08_09h08_04-768x577.png 768w\" sizes=\"auto, (max-width: 1025px) 100vw, 1025px\" \/><figcaption>De grands espaces o\u00f9 r\u00e8gne le calme et la s\u00e9r\u00e9nit\u00e9<\/figcaption><\/figure>\n\n\n\n<figure class=\"wp-block-image size-large\"><img loading=\"lazy\" decoding=\"async\" width=\"1024\" height=\"764\" src=\"http:\/\/www.lefieu.fr\/wp-content\/uploads\/2020\/11\/2020-11-08_09h10_54-1024x764.png\" alt=\"\" class=\"wp-image-1079\" srcset=\"https:\/\/www.lefieu.fr\/wp-content\/uploads\/2020\/11\/2020-11-08_09h10_54-1024x764.png 1024w, https:\/\/www.lefieu.fr\/wp-content\/uploads\/2020\/11\/2020-11-08_09h10_54-300x224.png 300w, https:\/\/www.lefieu.fr\/wp-content\/uploads\/2020\/11\/2020-11-08_09h10_54-768x573.png 768w, https:\/\/www.lefieu.fr\/wp-content\/uploads\/2020\/11\/2020-11-08_09h10_54.png 1314w\" sizes=\"auto, (max-width: 1024px) 100vw, 1024px\" \/><\/figure>\n\n\n\n<figure class=\"wp-block-image size-large\"><img loading=\"lazy\" decoding=\"async\" width=\"1024\" height=\"678\" src=\"http:\/\/www.lefieu.fr\/wp-content\/uploads\/2020\/11\/2020-11-08_09h11_23-1-1024x678.png\" alt=\"\" class=\"wp-image-1080\" srcset=\"https:\/\/www.lefieu.fr\/wp-content\/uploads\/2020\/11\/2020-11-08_09h11_23-1-1024x678.png 1024w, https:\/\/www.lefieu.fr\/wp-content\/uploads\/2020\/11\/2020-11-08_09h11_23-1-300x199.png 300w, https:\/\/www.lefieu.fr\/wp-content\/uploads\/2020\/11\/2020-11-08_09h11_23-1-768x508.png 768w, https:\/\/www.lefieu.fr\/wp-content\/uploads\/2020\/11\/2020-11-08_09h11_23-1.png 1482w\" sizes=\"auto, (max-width: 1024px) 100vw, 1024px\" \/><\/figure>\n\n\n\n<div class=\"wp-block-themeisle-blocks-advanced-columns has-undefined-columns has-desktop-undefined-layout has-tablet-equal-layout has-mobile-equal-layout has-default-gap has-vertical-unset\" id=\"wp-block-themeisle-blocks-advanced-columns-b9db0bbe\"><div class=\"wp-block-themeisle-blocks-advanced-columns-overlay\"><\/div><div class=\"innerblocks-wrap\"><\/div><\/div>\n","protected":false},"excerpt":{"rendered":"<p>En cours de r\u00e9daction&#8230;<\/p>\n","protected":false},"author":1,"featured_media":0,"parent":0,"menu_order":0,"comment_status":"closed","ping_status":"closed","template":"","meta":{"_s2mail":"yes","_themeisle_gutenberg_block_has_review":false,"footnotes":""},"class_list":["post-379","page","type-page","status-publish","hentry"],"_links":{"self":[{"href":"https:\/\/www.lefieu.fr\/index.php\/wp-json\/wp\/v2\/pages\/379","targetHints":{"allow":["GET"]}}],"collection":[{"href":"https:\/\/www.lefieu.fr\/index.php\/wp-json\/wp\/v2\/pages"}],"about":[{"href":"https:\/\/www.lefieu.fr\/index.php\/wp-json\/wp\/v2\/types\/page"}],"author":[{"embeddable":true,"href":"https:\/\/www.lefieu.fr\/index.php\/wp-json\/wp\/v2\/users\/1"}],"replies":[{"embeddable":true,"href":"https:\/\/www.lefieu.fr\/index.php\/wp-json\/wp\/v2\/comments?post=379"}],"version-history":[{"count":4,"href":"https:\/\/www.lefieu.fr\/index.php\/wp-json\/wp\/v2\/pages\/379\/revisions"}],"predecessor-version":[{"id":1081,"href":"https:\/\/www.lefieu.fr\/index.php\/wp-json\/wp\/v2\/pages\/379\/revisions\/1081"}],"wp:attachment":[{"href":"https:\/\/www.lefieu.fr\/index.php\/wp-json\/wp\/v2\/media?parent=379"}],"curies":[{"name":"wp","href":"https:\/\/api.w.org\/{rel}","templated":true}]}}