{"id":538,"date":"2020-07-03T10:55:47","date_gmt":"2020-07-03T08:55:47","guid":{"rendered":"http:\/\/www.lefieu.fr\/?page_id=538"},"modified":"2020-09-03T07:06:19","modified_gmt":"2020-09-03T05:06:19","slug":"professions-liberales","status":"publish","type":"page","link":"https:\/\/www.lefieu.fr\/index.php\/professions-liberales\/","title":{"rendered":"Professions lib\u00e9rales"},"content":{"rendered":"\n<p>Cette page regroupe les professions lib\u00e9rales qui souhaitent faire part de leur pr\u00e9sence sur la commune. Elle sera mise \u00e0 jour en fonction des demandes d\u00e9pos\u00e9es en mairie. <\/p>\n\n\n\n<p><strong><span style=\"text-decoration: underline;\">************************************************************************<\/span><\/strong><\/p>\n\n\n\n<div class=\"wp-block-image\"><figure class=\"alignleft size-large is-resized\"><img loading=\"lazy\" decoding=\"async\" src=\"http:\/\/www.lefieu.fr\/wp-content\/uploads\/2020\/09\/20200903_070049.jpg\" alt=\"\" class=\"wp-image-832\" width=\"130\" height=\"109\" srcset=\"https:\/\/www.lefieu.fr\/wp-content\/uploads\/2020\/09\/20200903_070049.jpg 873w, https:\/\/www.lefieu.fr\/wp-content\/uploads\/2020\/09\/20200903_070049-300x252.jpg 300w, https:\/\/www.lefieu.fr\/wp-content\/uploads\/2020\/09\/20200903_070049-768x646.jpg 768w\" sizes=\"auto, (max-width: 130px) 100vw, 130px\" \/><\/figure><\/div>\n\n\n\n<p style=\"font-size:30px\"><strong><span style=\"text-decoration: underline;\"><span style=\"color:#0408ee\" class=\"has-inline-color\">AVENIR SERVICE DE L&#8217;ISLE<\/span><\/span><\/strong> <em>(Entreprise de service \u00e0 la personne)<\/em><\/p>\n\n\n\n<ul class=\"wp-block-list\"><li>Entretien du domicile, des communs et des bureaux,<\/li><li>Repassage,<\/li><li>Assistance aux repas et aux transports,<\/li><li>Garde d&#8217;enfants,<\/li><li>Soins et promenades des animaux de compagnie (personnes d\u00e9pendantes),<\/li><li>Tonte, taille, entretien du potager, bricolage,<\/li><li>Aide administrative,<\/li><li>&#8230;<\/li><\/ul>\n\n\n\n<p>4 A Les Champs du Puits  33230  LE FIEU<\/p>\n\n\n\n<p class=\"has-medium-font-size\"><strong><span style=\"text-decoration: underline;\">Contact :<\/span><\/strong> <strong>06 19 13 34 89<\/strong> ( avenirservicedelisle@gmail.com )<\/p>\n\n\n\n<p><span style=\"text-decoration: underline;\"><strong><span class=\"has-inline-color has-header-gradient-color\">************************************************************************<\/span><\/strong><\/span><\/p>\n\n\n\n<div class=\"wp-block-themeisle-blocks-advanced-columns has-undefined-columns has-desktop-undefined-layout has-tablet-equal-layout has-mobile-equal-layout has-default-gap has-vertical-unset\" id=\"wp-block-themeisle-blocks-advanced-columns-41fbdb89\"><div class=\"wp-block-themeisle-blocks-advanced-columns-overlay\"><\/div><div class=\"innerblocks-wrap\"><\/div><\/div>\n","protected":false},"excerpt":{"rendered":"<p>Cette page regroupe les professions lib\u00e9rales qui souhaitent faire part de leur pr\u00e9sence sur la commune. Elle sera mise \u00e0 jour en fonction des demandes d\u00e9pos\u00e9es en mairie. ************************************************************************ AVENIR SERVICE DE L&#8217;ISLE (Entreprise de service \u00e0 la personne) Entretien du domicile, des communs et des bureaux, Repassage, Assistance aux [&hellip;]<\/p>\n","protected":false},"author":1,"featured_media":0,"parent":0,"menu_order":0,"comment_status":"closed","ping_status":"closed","template":"","meta":{"_s2mail":"","_themeisle_gutenberg_block_has_review":false,"footnotes":""},"class_list":["post-538","page","type-page","status-publish","hentry"],"_links":{"self":[{"href":"https:\/\/www.lefieu.fr\/index.php\/wp-json\/wp\/v2\/pages\/538","targetHints":{"allow":["GET"]}}],"collection":[{"href":"https:\/\/www.lefieu.fr\/index.php\/wp-json\/wp\/v2\/pages"}],"about":[{"href":"https:\/\/www.lefieu.fr\/index.php\/wp-json\/wp\/v2\/types\/page"}],"author":[{"embeddable":true,"href":"https:\/\/www.lefieu.fr\/index.php\/wp-json\/wp\/v2\/users\/1"}],"replies":[{"embeddable":true,"href":"https:\/\/www.lefieu.fr\/index.php\/wp-json\/wp\/v2\/comments?post=538"}],"version-history":[{"count":4,"href":"https:\/\/www.lefieu.fr\/index.php\/wp-json\/wp\/v2\/pages\/538\/revisions"}],"predecessor-version":[{"id":833,"href":"https:\/\/www.lefieu.fr\/index.php\/wp-json\/wp\/v2\/pages\/538\/revisions\/833"}],"wp:attachment":[{"href":"https:\/\/www.lefieu.fr\/index.php\/wp-json\/wp\/v2\/media?parent=538"}],"curies":[{"name":"wp","href":"https:\/\/api.w.org\/{rel}","templated":true}]}}