{"id":669,"date":"2020-07-18T17:27:00","date_gmt":"2020-07-18T15:27:00","guid":{"rendered":"http:\/\/www.lefieu.fr\/?page_id=669"},"modified":"2020-07-20T08:29:03","modified_gmt":"2020-07-20T06:29:03","slug":"transport-de-personnes-a-mobilite-reduite","status":"publish","type":"page","link":"https:\/\/www.lefieu.fr\/index.php\/services-municipaux\/transport-de-personnes-a-mobilite-reduite\/","title":{"rendered":"Transport de personnes \u00e0 mobilit\u00e9 r\u00e9duite"},"content":{"rendered":"\n<figure class=\"wp-block-image size-large\"><img loading=\"lazy\" decoding=\"async\" width=\"776\" height=\"360\" src=\"https:\/\/www.lefieu.fr\/wp-content\/uploads\/2020\/07\/2020-07-20_08h24_09.png\" alt=\"\" class=\"wp-image-687\" srcset=\"https:\/\/www.lefieu.fr\/wp-content\/uploads\/2020\/07\/2020-07-20_08h24_09.png 776w, https:\/\/www.lefieu.fr\/wp-content\/uploads\/2020\/07\/2020-07-20_08h24_09-300x139.png 300w, https:\/\/www.lefieu.fr\/wp-content\/uploads\/2020\/07\/2020-07-20_08h24_09-768x356.png 768w\" sizes=\"auto, (max-width: 776px) 100vw, 776px\" \/><\/figure>\n\n\n\n<p>Le service de transport de personnes \u00e0 mobilit\u00e9 r\u00e9duite est un service d\u00e9di\u00e9 aux personnes en situation de handicap, ou en perte d&#8217;autonomie permanente ou momentan\u00e9e n\u00e9cessitant une aide au d\u00e9placement.<\/p>\n\n\n\n<p>Ce service ne se substitue pas aux taxis ou v\u00e9hicules sanitaires. Il exclue les trajets r\u00e9guliers de type professionnel ou scolaire.<\/p>\n\n\n\n<p>Le service fonctionne<strong> tous les jours de 7h \u00e0 20h du lundi au dimanche<\/strong>. <\/p>\n\n\n\n<p>La r\u00e9servation du v\u00e9hicule s&#8217;effectue aupr\u00e8s de la centrale de r\u00e9servation au plus t\u00f4t un mois avant le trajet, au plus tard avant 17h30 la veille du trajet ou jusqu&#8217;au vendredi 17h30 pour les trajets \u00e0 organiser sur le week-end, sous r\u00e9serve de place disponible.<\/p>\n\n\n\n<p><span style=\"text-decoration: underline;\"><strong>CONDITIONS D&#8217;ADMISSION<\/strong> :<\/span><\/p>\n\n\n\n<ul class=\"wp-block-list\"><li>\u00eatre <strong>domicili\u00e9 sur le territoire de La Cali<\/strong>,<\/li><li>\u00eatre<strong> \u00e2g\u00e9 de 75 ans et plus<\/strong>,<\/li><li>\u00eatre <strong>en situation de handicap<\/strong>,<\/li><li>\u00eatre en perte d&#8217;autonomie momentan\u00e9e apr\u00e8s d\u00e9cision de la commission d&#8217;accessibilit\u00e9.<\/li><li>d&#8217;autre situation peuvent \u00e9galement \u00eatre prises en compte, apr\u00e8s \u00e9valuation par la commission d&#8217;accessibilit\u00e9, pour acc\u00e9der \u00e0 ce service, de mani\u00e8re ponctuelle.<\/li><\/ul>\n\n\n\n<p><strong><span style=\"text-decoration: underline;\">COMMENT :<\/span><\/strong><\/p>\n\n\n\n<p>Pour b\u00e9n\u00e9ficier de ce service, un <strong>dossier d&#8217;inscription<\/strong> doit \u00eatre rempli aupr\u00e8s du secr\u00e9tariat de la commune de r\u00e9sidence principale ou du CCAS ou du service de transport de personnes \u00e0 mobilit\u00e9 r\u00e9duite. Apr\u00e8s validation du dossier, l&#8217;usager sera inform\u00e9 dans les plus bref d\u00e9lais du fonctionnement du service.<\/p>\n\n\n\n<p><span style=\"text-decoration: underline;\"><strong>TARIF :<\/strong><\/span><\/p>\n\n\n\n<p>Un tarif est appliqu\u00e9 pour l&#8217;ensemble des b\u00e9n\u00e9ficiaires. La vente des tickets s&#8217;effectue aupr\u00e8s du conducteur.<\/p>\n\n\n\n<p><strong><span style=\"text-decoration: underline;\">VOTRE CONTACT :<\/span><\/strong><\/p>\n\n\n\n<p class=\"has-medium-font-size\"><strong>05 24 24 21 68<\/strong><\/p>\n\n\n\n<p class=\"has-medium-font-size\"><strong>transportpmr@lacali.fr<\/strong><\/p>\n","protected":false},"excerpt":{"rendered":"<p>Le service de transport de personnes \u00e0 mobilit\u00e9 r\u00e9duite est un service d\u00e9di\u00e9 aux personnes en situation de handicap, ou en perte d&#8217;autonomie permanente ou momentan\u00e9e n\u00e9cessitant une aide au d\u00e9placement. Ce service ne se substitue pas aux taxis ou v\u00e9hicules sanitaires. Il exclue les trajets r\u00e9guliers de type professionnel [&hellip;]<\/p>\n","protected":false},"author":1,"featured_media":674,"parent":121,"menu_order":0,"comment_status":"closed","ping_status":"closed","template":"","meta":{"_s2mail":"","_themeisle_gutenberg_block_has_review":false,"footnotes":""},"class_list":["post-669","page","type-page","status-publish","has-post-thumbnail","hentry"],"_links":{"self":[{"href":"https:\/\/www.lefieu.fr\/index.php\/wp-json\/wp\/v2\/pages\/669","targetHints":{"allow":["GET"]}}],"collection":[{"href":"https:\/\/www.lefieu.fr\/index.php\/wp-json\/wp\/v2\/pages"}],"about":[{"href":"https:\/\/www.lefieu.fr\/index.php\/wp-json\/wp\/v2\/types\/page"}],"author":[{"embeddable":true,"href":"https:\/\/www.lefieu.fr\/index.php\/wp-json\/wp\/v2\/users\/1"}],"replies":[{"embeddable":true,"href":"https:\/\/www.lefieu.fr\/index.php\/wp-json\/wp\/v2\/comments?post=669"}],"version-history":[{"count":2,"href":"https:\/\/www.lefieu.fr\/index.php\/wp-json\/wp\/v2\/pages\/669\/revisions"}],"predecessor-version":[{"id":688,"href":"https:\/\/www.lefieu.fr\/index.php\/wp-json\/wp\/v2\/pages\/669\/revisions\/688"}],"up":[{"embeddable":true,"href":"https:\/\/www.lefieu.fr\/index.php\/wp-json\/wp\/v2\/pages\/121"}],"wp:featuredmedia":[{"embeddable":true,"href":"https:\/\/www.lefieu.fr\/index.php\/wp-json\/wp\/v2\/media\/674"}],"wp:attachment":[{"href":"https:\/\/www.lefieu.fr\/index.php\/wp-json\/wp\/v2\/media?parent=669"}],"curies":[{"name":"wp","href":"https:\/\/api.w.org\/{rel}","templated":true}]}}