{"id":677,"date":"2020-07-18T17:57:29","date_gmt":"2020-07-18T15:57:29","guid":{"rendered":"http:\/\/www.lefieu.fr\/?page_id=677"},"modified":"2020-07-20T08:14:14","modified_gmt":"2020-07-20T06:14:14","slug":"portage-de-repas-a-domicile","status":"publish","type":"page","link":"https:\/\/www.lefieu.fr\/index.php\/services-municipaux\/portage-de-repas-a-domicile\/","title":{"rendered":"PORTAGE DE REPAS A DOMICILE"},"content":{"rendered":"\n<div class=\"wp-block-themeisle-blocks-advanced-columns has-1-columns has-desktop-equal-layout has-tablet-equal-layout has-mobile-equal-layout has-default-gap has-vertical-unset\" id=\"wp-block-themeisle-blocks-advanced-columns-c5c7340b\"><div class=\"wp-block-themeisle-blocks-advanced-columns-overlay\"><\/div><div class=\"innerblocks-wrap\">\n<div class=\"wp-block-themeisle-blocks-advanced-column\" id=\"wp-block-themeisle-blocks-advanced-column-3842688f\">\n<figure class=\"wp-block-image size-large\"><img loading=\"lazy\" decoding=\"async\" width=\"977\" height=\"485\" src=\"https:\/\/www.lefieu.fr\/wp-content\/uploads\/2020\/07\/2020-07-20_08h10_18.png\" alt=\"\" class=\"wp-image-684\" srcset=\"https:\/\/www.lefieu.fr\/wp-content\/uploads\/2020\/07\/2020-07-20_08h10_18.png 977w, https:\/\/www.lefieu.fr\/wp-content\/uploads\/2020\/07\/2020-07-20_08h10_18-300x149.png 300w, https:\/\/www.lefieu.fr\/wp-content\/uploads\/2020\/07\/2020-07-20_08h10_18-768x381.png 768w\" sizes=\"auto, (max-width: 977px) 100vw, 977px\" \/><\/figure>\n<\/div>\n<\/div><\/div>\n\n\n\n<p>Le portage de repas \u00e0 domicile, port\u00e9 par le CIAS, est un service \u00e0 caract\u00e8re solidaire qui participe au maintien des personnes \u00e0 domicile en palliant les difficult\u00e9s li\u00e9es \u00e0 l&#8217;organisation des repas. Il permet de pr\u00e9venir l&#8217;isolement en maintenant un lien social.<\/p>\n\n\n\n<p>Les repas sont pr\u00e9par\u00e9s par un prestataire qui assure la livraison. Le service propose les repas de midi,<strong> 7 jours sur 7<\/strong> y compris<strong> les jours f\u00e9ri\u00e9s<\/strong>. La livraison s&#8217;effectue<strong> le matin en liaison froide<\/strong> du lundi au vendredi, entre 8h et 12h30 (sauf les jours f\u00e9ri\u00e9s).<\/p>\n\n\n\n<p>Les plateaux repas sont compos\u00e9s :<\/p>\n\n\n\n<ul class=\"wp-block-list\"><li>d&#8217;un potage ou d&#8217;une entr\u00e9e au choix de la personne,<\/li><li>d&#8217;un plat principal,<\/li><li>d&#8217;un dessert,<\/li><li>d&#8217;un pain individuel de 120g \u00e0 la demande du b\u00e9n\u00e9ficiaire.<\/li><\/ul>\n\n\n\n<p><span style=\"text-decoration: underline;\"><strong>CONDITIONS D&#8217;ADMISSION<\/strong> :<\/span><\/p>\n\n\n\n<ul class=\"wp-block-list\"><li>\u00eatre <strong>domicili\u00e9 sur le territoire de la Cali<\/strong>,<\/li><li>\u00eatre en perte d&#8217;autonomie durable ou momentan\u00e9e<\/li><li>\u00eatre isol\u00e9 socialement et\/ou g\u00e9ographiquement.<\/li><\/ul>\n\n\n\n<p><span style=\"text-decoration: underline;\"><strong>COMMENT<\/strong> ?<\/span><\/p>\n\n\n\n<p>Toute demande de portage fait l&#8217;objet d&#8217;une<strong> \u00e9valuation \u00e0 domicile<\/strong>. Celle-ci permettra :<\/p>\n\n\n\n<ul class=\"wp-block-list\"><li>de vous informer sur les modalit\u00e9s de la prestation,<\/li><li>de d\u00e9terminer le co\u00fbt de la prestation compte tenu de votre situation,<\/li><li>de vous apporter des informations sur l&#8217;ensemble des dispositifs de maintien \u00e0 domicile existants.<\/li><\/ul>\n\n\n\n<p><strong><span style=\"text-decoration: underline;\">TARIF :<\/span><\/strong><br>Une tarification solidaire est appliqu\u00e9e prenant en compte la situation du b\u00e9n\u00e9ficiaire (seul ou en couple) puis des revenus du m\u00e9nage. La participation financi\u00e8re directe du CIAS sur le prix du repas permet ainsi au plus grand nombre d&#8217;usagers de b\u00e9n\u00e9ficier de ce service.<\/p>\n\n\n\n<p><strong><span style=\"text-decoration: underline;\">VOTRE CONTACT :<\/span><\/strong><\/p>\n\n\n\n<p class=\"has-medium-font-size\"><strong>05 57 55 61 97<\/strong><\/p>\n\n\n\n<p class=\"has-medium-font-size\"><strong>portage@lacali.fr<\/strong><\/p>\n\n\n\n<p><\/p>\n\n\n\n<p><\/p>\n","protected":false},"excerpt":{"rendered":"<p>Le portage de repas \u00e0 domicile, port\u00e9 par le CIAS, est un service \u00e0 caract\u00e8re solidaire qui participe au maintien des personnes \u00e0 domicile en palliant les difficult\u00e9s li\u00e9es \u00e0 l&#8217;organisation des repas. Il permet de pr\u00e9venir l&#8217;isolement en maintenant un lien social. Les repas sont pr\u00e9par\u00e9s par un prestataire [&hellip;]<\/p>\n","protected":false},"author":1,"featured_media":679,"parent":121,"menu_order":0,"comment_status":"closed","ping_status":"closed","template":"","meta":{"_s2mail":"","_themeisle_gutenberg_block_has_review":false,"footnotes":""},"class_list":["post-677","page","type-page","status-publish","has-post-thumbnail","hentry"],"_links":{"self":[{"href":"https:\/\/www.lefieu.fr\/index.php\/wp-json\/wp\/v2\/pages\/677","targetHints":{"allow":["GET"]}}],"collection":[{"href":"https:\/\/www.lefieu.fr\/index.php\/wp-json\/wp\/v2\/pages"}],"about":[{"href":"https:\/\/www.lefieu.fr\/index.php\/wp-json\/wp\/v2\/types\/page"}],"author":[{"embeddable":true,"href":"https:\/\/www.lefieu.fr\/index.php\/wp-json\/wp\/v2\/users\/1"}],"replies":[{"embeddable":true,"href":"https:\/\/www.lefieu.fr\/index.php\/wp-json\/wp\/v2\/comments?post=677"}],"version-history":[{"count":3,"href":"https:\/\/www.lefieu.fr\/index.php\/wp-json\/wp\/v2\/pages\/677\/revisions"}],"predecessor-version":[{"id":685,"href":"https:\/\/www.lefieu.fr\/index.php\/wp-json\/wp\/v2\/pages\/677\/revisions\/685"}],"up":[{"embeddable":true,"href":"https:\/\/www.lefieu.fr\/index.php\/wp-json\/wp\/v2\/pages\/121"}],"wp:featuredmedia":[{"embeddable":true,"href":"https:\/\/www.lefieu.fr\/index.php\/wp-json\/wp\/v2\/media\/679"}],"wp:attachment":[{"href":"https:\/\/www.lefieu.fr\/index.php\/wp-json\/wp\/v2\/media?parent=677"}],"curies":[{"name":"wp","href":"https:\/\/api.w.org\/{rel}","templated":true}]}}